{"id":23,"date":"2024-07-14T14:34:31","date_gmt":"2024-07-14T14:34:31","guid":{"rendered":"https:\/\/websid.info\/web\/?page_id=23"},"modified":"2025-08-29T09:28:57","modified_gmt":"2025-08-29T09:28:57","slug":"web","status":"publish","type":"page","link":"https:\/\/websid.info\/web\/web\/","title":{"rendered":"Web"},"content":{"rendered":"<h3>Analisi e studio della concorrenza, ideazione, progettazione e sviluppo, il TUO sito internet ha bisogno di personalit\u00e0, funzionalit\u00e0, velocit\u00e0, semplicit\u00e0 ma completezza.<\/h3>\n<h4>Dalla semplice &#8220;vetrina&#8221; per la presenza in internet al portale di vaste dimensioni e contenuti complessi.<\/h4>\n<h4>Sito completo ed esaustivo, pagine descrittive, contatti, form per richieste, newsletter, eventi, prenotazioni ecc.<\/h4>\n<h4>Alla pagina <a href=\"https:\/\/websid.info\/web\/portfolio\/\">portfolio<\/a> puoi scoprire alcune delle nostre realizzazioni.<\/h4>\n","protected":false},"excerpt":{"rendered":"<p>Analisi e studio della concorrenza, ideazione, progettazione e sviluppo, il TUO sito internet ha bisogno di personalit\u00e0, funzionalit\u00e0, velocit\u00e0, semplicit\u00e0 ma completezza. Dalla semplice &#8220;vetrina&#8221; per la presenza in internet al portale di vaste dimensioni e contenuti complessi. Sito completo ed esaustivo, pagine descrittive, contatti, form per richieste, newsletter, eventi,&#8230;<\/p>\n<p> <a class=\"continue-reading-link\" href=\"https:\/\/websid.info\/web\/web\/\"><span>Continue reading<\/span><i class=\"crycon-right-dir\"><\/i><\/a> <\/p>\n","protected":false},"author":1,"featured_media":0,"parent":0,"menu_order":0,"comment_status":"closed","ping_status":"closed","template":"templates\/template-onecolumn.php","meta":{"footnotes":""},"class_list":["post-23","page","type-page","status-publish","hentry"],"_links":{"self":[{"href":"https:\/\/websid.info\/web\/wp-json\/wp\/v2\/pages\/23","targetHints":{"allow":["GET"]}}],"collection":[{"href":"https:\/\/websid.info\/web\/wp-json\/wp\/v2\/pages"}],"about":[{"href":"https:\/\/websid.info\/web\/wp-json\/wp\/v2\/types\/page"}],"author":[{"embeddable":true,"href":"https:\/\/websid.info\/web\/wp-json\/wp\/v2\/users\/1"}],"replies":[{"embeddable":true,"href":"https:\/\/websid.info\/web\/wp-json\/wp\/v2\/comments?post=23"}],"version-history":[{"count":7,"href":"https:\/\/websid.info\/web\/wp-json\/wp\/v2\/pages\/23\/revisions"}],"predecessor-version":[{"id":156,"href":"https:\/\/websid.info\/web\/wp-json\/wp\/v2\/pages\/23\/revisions\/156"}],"wp:attachment":[{"href":"https:\/\/websid.info\/web\/wp-json\/wp\/v2\/media?parent=23"}],"curies":[{"name":"wp","href":"https:\/\/api.w.org\/{rel}","templated":true}]}}